{"id":48,"date":"2022-01-11T16:53:16","date_gmt":"2022-01-11T15:53:16","guid":{"rendered":"http:\/\/nmzdplt.cluster031.hosting.ovh.net\/?page_id=48"},"modified":"2023-03-03T09:25:18","modified_gmt":"2023-03-03T08:25:18","slug":"info-pratiques","status":"publish","type":"page","link":"http:\/\/www.park-n-sun.ch\/index.php\/info-pratiques\/","title":{"rendered":"Info pratiques et liens utiles"},"content":{"rendered":"\r\n<h2 class=\"wp-block-heading\"><\/h2>\r\n<h2 class=\"wp-block-heading\">Heures d&rsquo;ouvertures<\/h2>\r\n<h2>\r\n\r\n<\/h2>\r\n<ul class=\"wp-block-list\">\r\n<li>Mercredi de 14h \u00e0 18h<\/li>\r\n<li>Samedi de 14h \u00e0 18h<\/li>\r\n<li>Dimanche de 14h \u00e0 18h<\/li>\r\n<\/ul>\r\n<h2>\r\n\r\n<\/h2>\r\n<h2 class=\"wp-block-heading\">Tarifs<\/h2>\r\n<h2>\r\n\r\n<\/h2>\r\n<ul class=\"wp-block-list\">\r\n<li>5.- par entr\u00e9e<\/li>\r\n<li>150.- pour un abonnement annuel<\/li>\r\n<\/ul>\r\n<p>Les entr\u00e9es et les abonnements sont a payer directement au skate-park durant les heures d&rsquo;ouvertures.<strong> Paiement en CASH et TWINT uniquement !<\/strong><\/p>\r\n<h2>Dons<\/h2>\r\n<p>Si vous souhaitez aider l&rsquo;association Park N&rsquo; Sun pour financer le projet de r\u00e9novation de 2023, votre don est le bienvenu via le lien suivant <a href=\"https:\/\/pay.raisenow.io\/xsccv\">https:\/\/pay.raisenow.io\/xsccv<\/a> ou par le biais du QR Code TWINT\u00a0 :<\/p>\r\n<p><img fetchpriority=\"high\" decoding=\"async\" class=\"size-medium wp-image-272\" src=\"http:\/\/www.park-n-sun.ch\/wp-content\/uploads\/2023\/03\/QR-code-Fonds-PNS-181x300.png\" alt=\"\" width=\"181\" height=\"300\" srcset=\"http:\/\/www.park-n-sun.ch\/wp-content\/uploads\/2023\/03\/QR-code-Fonds-PNS-181x300.png 181w, http:\/\/www.park-n-sun.ch\/wp-content\/uploads\/2023\/03\/QR-code-Fonds-PNS-616x1024.png 616w, http:\/\/www.park-n-sun.ch\/wp-content\/uploads\/2023\/03\/QR-code-Fonds-PNS.png 710w\" sizes=\"(max-width: 181px) 100vw, 181px\" \/><\/p>\r\n<p>&nbsp;<\/p>\r\n<h2>R\u00e9servation \/ anniversaire<\/h2>\r\n<p>Il est possible de r\u00e9server le skate-park pour y organiser un \u00e9v\u00e8nement sp\u00e9cial (par ex. anniversaire)<strong> en dehors des heures d&rsquo;ouvertures.\u00a0<\/strong>Le tarif pour la location est d&rsquo;environ <strong>50chf\/heure, <\/strong>mais peut \u00eatre n\u00e9gociable en fonction du nombre de personnes et de l&rsquo;horaire choisi.<\/p>\r\n<p>Veuillez vous adresser \u00e0 la personne de contact en bas de page pour demander une r\u00e9servation.<\/p>\r\n<h2>\r\n\r\n<\/h2>\r\n<h2 class=\"wp-block-heading\">Facebook<\/h2>\r\n<h2>\r\n\r\n<\/h2>\r\n<ul class=\"wp-block-social-links has-normal-icon-size items-justified-left is-layout-flex wp-block-social-links-is-layout-flex\"><li class=\"wp-social-link wp-social-link-facebook  wp-block-social-link\"><a href=\"https:\/\/www.facebook.com\/park.nsun\/\" class=\"wp-block-social-link-anchor\"><svg width=\"24\" height=\"24\" viewBox=\"0 0 24 24\" version=\"1.1\" xmlns=\"http:\/\/www.w3.org\/2000\/svg\" aria-hidden=\"true\" focusable=\"false\"><path d=\"M12 2C6.5 2 2 6.5 2 12c0 5 3.7 9.1 8.4 9.9v-7H7.9V12h2.5V9.8c0-2.5 1.5-3.9 3.8-3.9 1.1 0 2.2.2 2.2.2v2.5h-1.3c-1.2 0-1.6.8-1.6 1.6V12h2.8l-.4 2.9h-2.3v7C18.3 21.1 22 17 22 12c0-5.5-4.5-10-10-10z\"><\/path><\/svg><span class=\"wp-block-social-link-label screen-reader-text\">Facebook<\/span><\/a><\/li><\/ul>\r\n<h2>\r\n\r\n<\/h2>\r\n<h2 class=\"wp-block-heading\">Instagram<\/h2>\r\n<h2>\r\n\r\n<\/h2>\r\n<ul class=\"wp-block-social-links is-layout-flex wp-block-social-links-is-layout-flex\"><li class=\"wp-social-link wp-social-link-instagram  wp-block-social-link\"><a href=\"https:\/\/www.instagram.com\/park_n_sun\/?hl=fr\" class=\"wp-block-social-link-anchor\"><svg width=\"24\" height=\"24\" viewBox=\"0 0 24 24\" version=\"1.1\" xmlns=\"http:\/\/www.w3.org\/2000\/svg\" aria-hidden=\"true\" focusable=\"false\"><path d=\"M12,4.622c2.403,0,2.688,0.009,3.637,0.052c0.877,0.04,1.354,0.187,1.671,0.31c0.42,0.163,0.72,0.358,1.035,0.673 c0.315,0.315,0.51,0.615,0.673,1.035c0.123,0.317,0.27,0.794,0.31,1.671c0.043,0.949,0.052,1.234,0.052,3.637 s-0.009,2.688-0.052,3.637c-0.04,0.877-0.187,1.354-0.31,1.671c-0.163,0.42-0.358,0.72-0.673,1.035 c-0.315,0.315-0.615,0.51-1.035,0.673c-0.317,0.123-0.794,0.27-1.671,0.31c-0.949,0.043-1.233,0.052-3.637,0.052 s-2.688-0.009-3.637-0.052c-0.877-0.04-1.354-0.187-1.671-0.31c-0.42-0.163-0.72-0.358-1.035-0.673 c-0.315-0.315-0.51-0.615-0.673-1.035c-0.123-0.317-0.27-0.794-0.31-1.671C4.631,14.688,4.622,14.403,4.622,12 s0.009-2.688,0.052-3.637c0.04-0.877,0.187-1.354,0.31-1.671c0.163-0.42,0.358-0.72,0.673-1.035 c0.315-0.315,0.615-0.51,1.035-0.673c0.317-0.123,0.794-0.27,1.671-0.31C9.312,4.631,9.597,4.622,12,4.622 M12,3 C9.556,3,9.249,3.01,8.289,3.054C7.331,3.098,6.677,3.25,6.105,3.472C5.513,3.702,5.011,4.01,4.511,4.511 c-0.5,0.5-0.808,1.002-1.038,1.594C3.25,6.677,3.098,7.331,3.054,8.289C3.01,9.249,3,9.556,3,12c0,2.444,0.01,2.751,0.054,3.711 c0.044,0.958,0.196,1.612,0.418,2.185c0.23,0.592,0.538,1.094,1.038,1.594c0.5,0.5,1.002,0.808,1.594,1.038 c0.572,0.222,1.227,0.375,2.185,0.418C9.249,20.99,9.556,21,12,21s2.751-0.01,3.711-0.054c0.958-0.044,1.612-0.196,2.185-0.418 c0.592-0.23,1.094-0.538,1.594-1.038c0.5-0.5,0.808-1.002,1.038-1.594c0.222-0.572,0.375-1.227,0.418-2.185 C20.99,14.751,21,14.444,21,12s-0.01-2.751-0.054-3.711c-0.044-0.958-0.196-1.612-0.418-2.185c-0.23-0.592-0.538-1.094-1.038-1.594 c-0.5-0.5-1.002-0.808-1.594-1.038c-0.572-0.222-1.227-0.375-2.185-0.418C14.751,3.01,14.444,3,12,3L12,3z M12,7.378 c-2.552,0-4.622,2.069-4.622,4.622S9.448,16.622,12,16.622s4.622-2.069,4.622-4.622S14.552,7.378,12,7.378z M12,15 c-1.657,0-3-1.343-3-3s1.343-3,3-3s3,1.343,3,3S13.657,15,12,15z M16.804,6.116c-0.596,0-1.08,0.484-1.08,1.08 s0.484,1.08,1.08,1.08c0.596,0,1.08-0.484,1.08-1.08S17.401,6.116,16.804,6.116z\"><\/path><\/svg><span class=\"wp-block-social-link-label screen-reader-text\">Instagram<\/span><\/a><\/li><\/ul>\r\n<h2>\r\n\r\n<\/h2>\r\n<p>&nbsp;<\/p>\r\n<h2><\/h2>\r\n","protected":false},"excerpt":{"rendered":"","protected":false},"author":1,"featured_media":0,"parent":0,"menu_order":3,"comment_status":"closed","ping_status":"closed","template":"","meta":{"footnotes":""},"class_list":["post-48","page","type-page","status-publish","hentry"],"_links":{"self":[{"href":"http:\/\/www.park-n-sun.ch\/index.php\/wp-json\/wp\/v2\/pages\/48","targetHints":{"allow":["GET"]}}],"collection":[{"href":"http:\/\/www.park-n-sun.ch\/index.php\/wp-json\/wp\/v2\/pages"}],"about":[{"href":"http:\/\/www.park-n-sun.ch\/index.php\/wp-json\/wp\/v2\/types\/page"}],"author":[{"embeddable":true,"href":"http:\/\/www.park-n-sun.ch\/index.php\/wp-json\/wp\/v2\/users\/1"}],"replies":[{"embeddable":true,"href":"http:\/\/www.park-n-sun.ch\/index.php\/wp-json\/wp\/v2\/comments?post=48"}],"version-history":[{"count":10,"href":"http:\/\/www.park-n-sun.ch\/index.php\/wp-json\/wp\/v2\/pages\/48\/revisions"}],"predecessor-version":[{"id":273,"href":"http:\/\/www.park-n-sun.ch\/index.php\/wp-json\/wp\/v2\/pages\/48\/revisions\/273"}],"wp:attachment":[{"href":"http:\/\/www.park-n-sun.ch\/index.php\/wp-json\/wp\/v2\/media?parent=48"}],"curies":[{"name":"wp","href":"https:\/\/api.w.org\/{rel}","templated":true}]}}